{"id":11206,"date":"2022-08-04T12:40:07","date_gmt":"2022-08-04T12:40:07","guid":{"rendered":"https:\/\/www.lfinterior.fi\/?page_id=11206"},"modified":"2022-08-17T06:36:18","modified_gmt":"2022-08-17T06:36:18","slug":"inredningsplanering","status":"publish","type":"page","link":"https:\/\/www.lfinterior.fi\/sv\/lf-interiors-tjanster\/inredningsplanering\/","title":{"rendered":"Inredningsplanering"},"content":{"rendered":"<p>[vc_row][vc_column][vc_column_text]<div class=\"edgtf-separator-holder clearfix  edgtf-separator-center edgtf-separator-normal\">\n\t<div class=\"edgtf-separator\" style=\"border-bottom-width: 30px\"><\/div>\n<\/div>\n<h4>a. Inredningsplanering \u2013 f\u00f6r dig som vill genomf\u00f6ra planen sj\u00e4lv<\/h4>\n<p>Komplett planering av kundens utrymme. <span style=\"font-weight: 400;\">Vid inredningsplaneringen ser planeraren till utrymmets funktionalitet, f\u00e4rg och form. Hen ger material- och f\u00e4rgf\u00f6rslag f\u00f6r ytrenovering, ger m\u00f6bleringsf\u00f6rslag, produktf\u00f6rslag och belsyningsplan m.m. allt efter kundens behov. Planen visualiseras genom bl.a. moodboards, elektronisk 3D visualisering, v\u00e4ggprojektioner och produktf\u00f6rslag m.m.<\/span><\/p>\n<p><span style=\"font-weight: 400;\"><div class=\"edgtf-separator-holder clearfix  edgtf-separator-center edgtf-separator-normal\">\n\t<div class=\"edgtf-separator\" style=\"border-bottom-width: 30px\"><\/div>\n<\/div>\n<\/span><\/p>\n<h4>b. Inredningsplanering och genomf\u00f6rande \u2013 nyckeln i hand<span style=\"font-weight: 400;\">:\u00a0\u00a0<\/span><\/h4>\n<p><span style=\"font-weight: 400;\">&#8211; komplett planering av kundens utrymme, i enlighet med 1.a., men ut\u00f6ver det st\u00e5r \u00e4ven inredningsplaneraren f\u00f6r projektledning, koordinering av slutf\u00f6rande av planen. Hen koordinerar entrepren\u00f6rer f\u00f6r eventuell renovering, hj\u00e4lper med ink\u00f6p och slutlig styling av utrymme. Planen och utrymmets g\u00f6rs klart enligt \u00f6verenskommen tidtabell.<\/span><\/p>\n<p><span style=\"font-weight: 400;\">Tillsammans kommer vi \u00f6verens om hur mycket hj\u00e4lp hen \u00f6nskar i olika skeden.\u00a0<\/span><\/p>\n<p><span style=\"font-weight: 400;\">OBS Kunden s\u00f6ker sj\u00e4lv entrepren\u00f6rer f\u00f6r eventuell renovering, men inredningsplaneraren kan ge tips om bra entrepren\u00f6rer g\u00e4llande el, r\u00f6r, ytrenovering osv.<\/span>[\/vc_column_text][\/vc_column][\/vc_row][vc_row][vc_column css=&#8221;.vc_custom_1659903712596{margin-top: 20px !important;margin-bottom: 20px !important;}&#8221;][vc_btn title=&#8221;Ta kontakt&#8221; shape=&#8221;square&#8221; align=&#8221;center&#8221; link=&#8221;url:https%3A%2F%2Fwww.lfinterior.fi%2Fcontact-us%2F|target:_blank&#8221;][\/vc_column][\/vc_row][vc_row][vc_column][vc_column_text]<\/p>\n<h5><div class=\"edgtf-separator-holder clearfix  edgtf-separator-center edgtf-separator-normal\">\n\t<div class=\"edgtf-separator\" style=\"border-bottom-width: 50px\"><\/div>\n<\/div>\n<img data-recalc-dims=\"1\" loading=\"lazy\" decoding=\"async\" class=\"aligncenter wp-image-11615 size-full\" src=\"https:\/\/i0.wp.com\/www.lfinterior.fi\/wp-content\/uploads\/2022\/08\/banner_hemsida5-4-e1659876470632.png?resize=583%2C207&#038;ssl=1\" alt=\"\" width=\"583\" height=\"207\" srcset=\"https:\/\/i0.wp.com\/www.lfinterior.fi\/wp-content\/uploads\/2022\/08\/banner_hemsida5-4-e1659876470632.png?w=583&amp;ssl=1 583w, https:\/\/i0.wp.com\/www.lfinterior.fi\/wp-content\/uploads\/2022\/08\/banner_hemsida5-4-e1659876470632.png?resize=300%2C107&amp;ssl=1 300w\" sizes=\"auto, (max-width: 583px) 100vw, 583px\" \/><\/h5>\n<h4><div class=\"edgtf-separator-holder clearfix  edgtf-separator-center edgtf-separator-normal\">\n\t<div class=\"edgtf-separator\" style=\"border-bottom-width: 30px\"><\/div>\n<\/div>\n<\/h4>\n<h4>Hur jobbar vi?<\/h4>\n<h4><div class=\"edgtf-separator-holder clearfix  edgtf-separator-center edgtf-separator-normal\">\n\t<div class=\"edgtf-separator\" style=\"border-bottom-width: 30px\"><\/div>\n<\/div>\n<\/h4>\n<h5><b>Kartl\u00e4ggningsskedet:<\/b><\/h5>\n<p><span style=\"font-weight: 400;\">Inredningsplaneringen b\u00f6rjar med ett ca 1,5 h l\u00e5ngt kartl\u00e4ggningsbes\u00f6k tillsammans med kunden i de utrymmen som skall f\u00f6r\u00e4ndras. Vi diskuterar kundens behov, \u00f6nskem\u00e5l och visioner. P\u00e5 basen av bes\u00f6ket g\u00f6rs en skriftlig offert \u00f6ver inredningsprojektet. N\u00e4r offerten \u00e4r godk\u00e4nd av kunden p\u00e5b\u00f6rjas planeringen.\u00a0<\/span><\/p>\n<p><i><span style=\"font-weight: 400;\">Pris f\u00f6r endast kartl\u00e4ggningsm\u00f6te 150\u20ac (inkl. moms) som inte leder till offert. Om kunden \u00f6nskar g\u00e5 vidare med planen \u00e4r f\u00f6rsta tr\u00e4ffen kostnadsfri.\u00a0<\/span><\/i><\/p>\n<h5><b>Ide\u015bkedet:\u00a0<\/b><\/h5>\n<p><span style=\"font-weight: 400;\">Inredningsplaneraren g\u00f6r 2 olika moodboards, s\u00f6ker stil, f\u00e4rg och k\u00e4nsla f\u00f6r utrymmet i samarbete med kunden, skissar utrymmena, jobbar med f\u00e4rg- och materialf\u00f6rslag och g\u00f6r en l\u00e4ttare prelimin\u00e4r visuell id\u00e9presentation tillg\u00e4nglig f\u00f6r kunden. D\u00e5 kunden \u00e4r n\u00f6jd g\u00e5r planeraren vidare till den egentliga planeringen!\u00a0<\/span><\/p>\n<h5><b>Planeringsskedet:\u00a0<\/b><\/h5>\n<p><span style=\"font-weight: 400;\">Inredningsplaneringen g\u00f6rs i t\u00e4tt samarbete med kunden. Hen f\u00f6rser med m\u00f6bleringsplan, elektronisk 3D visualisering, v\u00e4ggprojektioner f\u00f6r att tydligt visualisera och inspirera kunden inf\u00f6r hur utrymmet kan komma att se ut.<\/span><span style=\"font-weight: 400;\"><br \/>\n<\/span><span style=\"font-weight: 400;\">Ut\u00f6ver g\u00f6rs:<\/span><\/p>\n<ul>\n<li style=\"font-weight: 400;\" aria-level=\"1\"><span style=\"font-weight: 400;\">F\u00e4rgval (f\u00e4rgskala inkl f\u00e4rgkoder NCS f\u00f6r ev. entrepren\u00f6rer),\u00a0<\/span><\/li>\n<li style=\"font-weight: 400;\" aria-level=\"1\"><span style=\"font-weight: 400;\">Materialval f\u00f6r ytor (rumskort med material, produkter)<\/span><\/li>\n<li style=\"font-weight: 400;\" aria-level=\"1\"><span style=\"font-weight: 400;\">Belysningsplan (ritningar f\u00f6r placering, inkl val av belsyningsarmaturer)\u00a0<\/span><\/li>\n<li style=\"font-weight: 400;\" aria-level=\"1\"><span style=\"font-weight: 400;\">Textilval (materialkort)<\/span><\/li>\n<li style=\"font-weight: 400;\" aria-level=\"1\"><span style=\"font-weight: 400;\">Produktkollage: innefattar bilder och produktpresentation, samt lista med produktnummer, pris och avskaffningsplatser av bl.a. de f\u00f6ljande:<\/span><span style=\"font-weight: 400;\"><br \/>\n<\/span><i><span style=\"font-weight: 400;\">&#8211; ytbehandlingsmaterial<\/span><\/i><i><span style=\"font-weight: 400;\"><br \/>\n<\/span><\/i><i><span style=\"font-weight: 400;\">&#8211; material f\u00f6r fasta inventarier ( t.ex. i k\u00f6ket och badrummet, fasta kl\u00e4dsk\u00e5p i sovrummet&#8230;)<\/span><\/i><i><span style=\"font-weight: 400;\"><br \/>\n<\/span><\/i><i><span style=\"font-weight: 400;\">&#8211; l\u00f6sa m\u00f6bler (som man kan flytta)<\/span><\/i><i><span style=\"font-weight: 400;\"><br \/>\n<\/span><\/i><i><span style=\"font-weight: 400;\">&#8211;\u00a0belysningsarmaturer<\/span><\/i><i><span style=\"font-weight: 400;\"><br \/>\n<\/span><\/i><i><span style=\"font-weight: 400;\">&#8211; textilier (bl.a. gardiner, mattor, kuddar, s\u00e4ng\u00f6verkast, m\u00f6beltyg m.m.)<\/span><\/i><i><span style=\"font-weight: 400;\"><br \/>\n<\/span><\/i><i><span style=\"font-weight: 400;\">&#8211; sm\u00e5 detaljer i inredningen (t.ex. tavlor, gr\u00f6nv\u00e4xter)<\/span><\/i><\/li>\n<\/ul>\n<p><span style=\"font-weight: 400;\">Inredningsplaneringen g\u00f6rs rumsvis med produktf\u00f6rslag och olika ritningar. En inredningsplanering kan best\u00e5 av en eller flera delar, allt enligt kundens behov.<\/span><\/p>\n<p><span style=\"font-weight: 400;\">Planen sammanfattas och visualiseras s\u00e5 att det \u00e4r l\u00e4tt f\u00f6r kunden att sj\u00e4lv genomf\u00f6ra planen, g\u00f6ra ink\u00f6p, renoveringar m.m. i sitt hem, kontor eller annat utrymme.<br \/>\n<\/span><div class=\"edgtf-separator-holder clearfix  edgtf-separator-center edgtf-separator-normal\">\n\t<div class=\"edgtf-separator\" style=\"border-bottom-width: 50px\"><\/div>\n<\/div>\n<p><span style=\"font-weight: 400;\">\u00a0<\/span>[\/vc_column_text][\/vc_column][\/vc_row][vc_row][vc_column]<div class=\"edgtf-separator-holder clearfix  edgtf-separator-center\">\n\t<div class=\"edgtf-separator\" style=\"border-bottom-width: 50px\"><\/div>\n<\/div>\n[\/vc_column][\/vc_row][vc_row][vc_column width=&#8221;1\/4&#8243;]<div class=\"edgtf-separator-holder clearfix  edgtf-separator-center\">\n\t<div class=\"edgtf-separator\" ><\/div>\n<\/div>\n[\/vc_column][vc_column width=&#8221;1\/2&#8243;][vc_column_text]<span style=\"font-weight: 400;\">KONTAKTA\u00a0OSS<\/span><span style=\"font-weight: 400;\"><br \/>\n<\/span><span style=\"font-weight: 400;\">Vi ger dig g\u00e4rna mer information om v\u00e5ra tj\u00e4nster och offert f\u00f6r ditt projekt.<\/span>[\/vc_column_text]\n<div class=\"wpcf7 no-js\" id=\"wpcf7-f2638-o1\" lang=\"en-US\" dir=\"ltr\" data-wpcf7-id=\"2638\">\n<div class=\"screen-reader-response\"><p role=\"status\" aria-live=\"polite\" aria-atomic=\"true\"><\/p> <ul><\/ul><\/div>\n<form action=\"\/sv\/wp-json\/wp\/v2\/pages\/11206#wpcf7-f2638-o1\" method=\"post\" class=\"wpcf7-form init\" aria-label=\"Contact form\" novalidate=\"novalidate\" data-status=\"init\">\n<div style=\"display: none;\">\n<input type=\"hidden\" name=\"_wpcf7\" value=\"2638\" \/>\n<input type=\"hidden\" name=\"_wpcf7_version\" value=\"6.0.6\" \/>\n<input type=\"hidden\" name=\"_wpcf7_locale\" value=\"en_US\" \/>\n<input type=\"hidden\" name=\"_wpcf7_unit_tag\" value=\"wpcf7-f2638-o1\" \/>\n<input type=\"hidden\" name=\"_wpcf7_container_post\" value=\"0\" \/>\n<input type=\"hidden\" name=\"_wpcf7_posted_data_hash\" value=\"\" \/>\n<\/div>\n<div class=\"edgtf-grid-row edgtf-grid-tiny-gutter clearfix\">\n\t<div class=\"edgtf-grid-col-6\">\n\t\t<p><span class=\"wpcf7-form-control-wrap\" data-name=\"your-name\"><input size=\"40\" maxlength=\"400\" class=\"wpcf7-form-control wpcf7-text wpcf7-validates-as-required\" aria-required=\"true\" aria-invalid=\"false\" placeholder=\"Namn\" value=\"\" type=\"text\" name=\"your-name\" \/><\/span>\n\t\t<\/p>\n\t<\/div>\n\t<div class=\"edgtf-grid-col-6\">\n\t\t<p><span class=\"wpcf7-form-control-wrap\" data-name=\"your-email\"><input size=\"40\" maxlength=\"400\" class=\"wpcf7-form-control wpcf7-email wpcf7-validates-as-required wpcf7-text wpcf7-validates-as-email\" aria-required=\"true\" aria-invalid=\"false\" placeholder=\"E-post\" value=\"\" type=\"email\" name=\"your-email\" \/><\/span>\n\t\t<\/p>\n\t<\/div>\n<\/div>\n<p><span class=\"wpcf7-form-control-wrap\" data-name=\"tel-243\"><input size=\"40\" maxlength=\"400\" class=\"wpcf7-form-control wpcf7-tel wpcf7-text wpcf7-validates-as-tel\" aria-invalid=\"false\" placeholder=\"Telefon\" value=\"\" type=\"tel\" name=\"tel-243\" \/><\/span>\n<\/p>\n<div>\n\t<div class=\"edgtf-grid-row edgtf-grid-tiny-gutter clearfix\">\n\t\t<div class=\"edgtf-grid-col-12\">\n\t\t\t<p><span class=\"wpcf7-form-control-wrap\" data-name=\"your-message\"><textarea cols=\"40\" rows=\"10\" maxlength=\"2000\" class=\"wpcf7-form-control wpcf7-textarea wpcf7-validates-as-required\" aria-required=\"true\" aria-invalid=\"false\" placeholder=\"Ditt meddelande\" name=\"your-message\"><\/textarea><\/span>\n\t\t\t<\/p>\n\t\t<\/div>\n\t<\/div>\n\t<p><input class=\"wpcf7-form-control wpcf7-submit has-spinner\" type=\"submit\" value=\"Skicka meddelande\" \/>\n\t<\/p>\n<\/div><div class=\"wpcf7-response-output\" aria-hidden=\"true\"><\/div>\n<\/form>\n<\/div>\n[\/vc_column][vc_column width=&#8221;1\/4&#8243;][\/vc_column][\/vc_row]<\/p>\n","protected":false},"excerpt":{"rendered":"<p>[vc_row][vc_column][vc_column_text] a. Inredningsplanering \u2013 f\u00f6r dig som vill genomf\u00f6ra planen sj\u00e4lv Komplett planering av kundens utrymme. Vid inredningsplaneringen ser planeraren till utrymmets funktionalitet, f\u00e4rg och form. Hen ger material- och f\u00e4rgf\u00f6rslag f\u00f6r ytrenovering, ger m\u00f6bleringsf\u00f6rslag, produktf\u00f6rslag och belsyningsplan m.m. allt [&hellip;]<\/p>\n","protected":false},"author":2,"featured_media":0,"parent":8004,"menu_order":1,"comment_status":"closed","ping_status":"closed","template":"","meta":{"footnotes":""},"class_list":["post-11206","page","type-page","status-publish","hentry"],"yoast_head":"<!-- This site is optimized with the Yoast SEO plugin v27.2 - https:\/\/yoast.com\/product\/yoast-seo-wordpress\/ -->\n<title>Inredningsplanering - LF Interior<\/title>\n<meta name=\"robots\" content=\"index, follow, max-snippet:-1, max-image-preview:large, max-video-preview:-1\" \/>\n<link rel=\"canonical\" href=\"https:\/\/www.lfinterior.fi\/sv\/lf-interiors-tjanster\/inredningsplanering\/\" \/>\n<meta property=\"og:locale\" content=\"sv_SE\" \/>\n<meta property=\"og:type\" content=\"article\" \/>\n<meta property=\"og:title\" content=\"Inredningsplanering - LF Interior\" \/>\n<meta property=\"og:description\" content=\"[vc_row][vc_column][vc_column_text] a. Inredningsplanering \u2013 f\u00f6r dig som vill genomf\u00f6ra planen sj\u00e4lv Komplett planering av kundens utrymme. Vid inredningsplaneringen ser planeraren till utrymmets funktionalitet, f\u00e4rg och form. Hen ger material- och f\u00e4rgf\u00f6rslag f\u00f6r ytrenovering, ger m\u00f6bleringsf\u00f6rslag, produktf\u00f6rslag och belsyningsplan m.m. allt [&hellip;]\" \/>\n<meta property=\"og:url\" content=\"https:\/\/www.lfinterior.fi\/sv\/lf-interiors-tjanster\/inredningsplanering\/\" \/>\n<meta property=\"og:site_name\" content=\"LF Interior\" \/>\n<meta property=\"article:modified_time\" content=\"2022-08-17T06:36:18+00:00\" \/>\n<meta property=\"og:image\" content=\"https:\/\/www.lfinterior.fi\/wp-content\/uploads\/2022\/08\/banner_hemsida5-4-e1659876470632.png\" \/>\n<meta name=\"twitter:card\" content=\"summary_large_image\" \/>\n<meta name=\"twitter:label1\" content=\"Ber\u00e4knad l\u00e4stid\" \/>\n\t<meta name=\"twitter:data1\" content=\"3 minuter\" \/>\n<script type=\"application\/ld+json\" class=\"yoast-schema-graph\">{\"@context\":\"https:\/\/schema.org\",\"@graph\":[{\"@type\":\"WebPage\",\"@id\":\"https:\/\/www.lfinterior.fi\/sv\/lf-interiors-tjanster\/inredningsplanering\/\",\"url\":\"https:\/\/www.lfinterior.fi\/sv\/lf-interiors-tjanster\/inredningsplanering\/\",\"name\":\"Inredningsplanering - LF Interior\",\"isPartOf\":{\"@id\":\"https:\/\/www.lfinterior.fi\/sv\/#website\"},\"primaryImageOfPage\":{\"@id\":\"https:\/\/www.lfinterior.fi\/sv\/lf-interiors-tjanster\/inredningsplanering\/#primaryimage\"},\"image\":{\"@id\":\"https:\/\/www.lfinterior.fi\/sv\/lf-interiors-tjanster\/inredningsplanering\/#primaryimage\"},\"thumbnailUrl\":\"https:\/\/www.lfinterior.fi\/wp-content\/uploads\/2022\/08\/banner_hemsida5-4-e1659876470632.png\",\"datePublished\":\"2022-08-04T12:40:07+00:00\",\"dateModified\":\"2022-08-17T06:36:18+00:00\",\"breadcrumb\":{\"@id\":\"https:\/\/www.lfinterior.fi\/sv\/lf-interiors-tjanster\/inredningsplanering\/#breadcrumb\"},\"inLanguage\":\"sv-SE\",\"potentialAction\":[{\"@type\":\"ReadAction\",\"target\":[\"https:\/\/www.lfinterior.fi\/sv\/lf-interiors-tjanster\/inredningsplanering\/\"]}]},{\"@type\":\"ImageObject\",\"inLanguage\":\"sv-SE\",\"@id\":\"https:\/\/www.lfinterior.fi\/sv\/lf-interiors-tjanster\/inredningsplanering\/#primaryimage\",\"url\":\"https:\/\/www.lfinterior.fi\/wp-content\/uploads\/2022\/08\/banner_hemsida5-4-e1659876470632.png\",\"contentUrl\":\"https:\/\/www.lfinterior.fi\/wp-content\/uploads\/2022\/08\/banner_hemsida5-4-e1659876470632.png\"},{\"@type\":\"BreadcrumbList\",\"@id\":\"https:\/\/www.lfinterior.fi\/sv\/lf-interiors-tjanster\/inredningsplanering\/#breadcrumb\",\"itemListElement\":[{\"@type\":\"ListItem\",\"position\":1,\"name\":\"Home\",\"item\":\"https:\/\/www.lfinterior.fi\/sv\/\"},{\"@type\":\"ListItem\",\"position\":2,\"name\":\"Hur kan vi hj\u00e4lpa dig?\",\"item\":\"https:\/\/www.lfinterior.fi\/sv\/lf-interiors-tjanster\/\"},{\"@type\":\"ListItem\",\"position\":3,\"name\":\"Inredningsplanering\"}]},{\"@type\":\"WebSite\",\"@id\":\"https:\/\/www.lfinterior.fi\/sv\/#website\",\"url\":\"https:\/\/www.lfinterior.fi\/sv\/\",\"name\":\"LF Interior\",\"description\":\"Sisustusalan yritys\",\"potentialAction\":[{\"@type\":\"SearchAction\",\"target\":{\"@type\":\"EntryPoint\",\"urlTemplate\":\"https:\/\/www.lfinterior.fi\/sv\/?s={search_term_string}\"},\"query-input\":{\"@type\":\"PropertyValueSpecification\",\"valueRequired\":true,\"valueName\":\"search_term_string\"}}],\"inLanguage\":\"sv-SE\"}]}<\/script>\n<!-- \/ Yoast SEO plugin. -->","yoast_head_json":{"title":"Inredningsplanering - LF Interior","robots":{"index":"index","follow":"follow","max-snippet":"max-snippet:-1","max-image-preview":"max-image-preview:large","max-video-preview":"max-video-preview:-1"},"canonical":"https:\/\/www.lfinterior.fi\/sv\/lf-interiors-tjanster\/inredningsplanering\/","og_locale":"sv_SE","og_type":"article","og_title":"Inredningsplanering - LF Interior","og_description":"[vc_row][vc_column][vc_column_text] a. Inredningsplanering \u2013 f\u00f6r dig som vill genomf\u00f6ra planen sj\u00e4lv Komplett planering av kundens utrymme. Vid inredningsplaneringen ser planeraren till utrymmets funktionalitet, f\u00e4rg och form. Hen ger material- och f\u00e4rgf\u00f6rslag f\u00f6r ytrenovering, ger m\u00f6bleringsf\u00f6rslag, produktf\u00f6rslag och belsyningsplan m.m. allt [&hellip;]","og_url":"https:\/\/www.lfinterior.fi\/sv\/lf-interiors-tjanster\/inredningsplanering\/","og_site_name":"LF Interior","article_modified_time":"2022-08-17T06:36:18+00:00","og_image":[{"url":"https:\/\/www.lfinterior.fi\/wp-content\/uploads\/2022\/08\/banner_hemsida5-4-e1659876470632.png","type":"","width":"","height":""}],"twitter_card":"summary_large_image","twitter_misc":{"Ber\u00e4knad l\u00e4stid":"3 minuter"},"schema":{"@context":"https:\/\/schema.org","@graph":[{"@type":"WebPage","@id":"https:\/\/www.lfinterior.fi\/sv\/lf-interiors-tjanster\/inredningsplanering\/","url":"https:\/\/www.lfinterior.fi\/sv\/lf-interiors-tjanster\/inredningsplanering\/","name":"Inredningsplanering - LF Interior","isPartOf":{"@id":"https:\/\/www.lfinterior.fi\/sv\/#website"},"primaryImageOfPage":{"@id":"https:\/\/www.lfinterior.fi\/sv\/lf-interiors-tjanster\/inredningsplanering\/#primaryimage"},"image":{"@id":"https:\/\/www.lfinterior.fi\/sv\/lf-interiors-tjanster\/inredningsplanering\/#primaryimage"},"thumbnailUrl":"https:\/\/www.lfinterior.fi\/wp-content\/uploads\/2022\/08\/banner_hemsida5-4-e1659876470632.png","datePublished":"2022-08-04T12:40:07+00:00","dateModified":"2022-08-17T06:36:18+00:00","breadcrumb":{"@id":"https:\/\/www.lfinterior.fi\/sv\/lf-interiors-tjanster\/inredningsplanering\/#breadcrumb"},"inLanguage":"sv-SE","potentialAction":[{"@type":"ReadAction","target":["https:\/\/www.lfinterior.fi\/sv\/lf-interiors-tjanster\/inredningsplanering\/"]}]},{"@type":"ImageObject","inLanguage":"sv-SE","@id":"https:\/\/www.lfinterior.fi\/sv\/lf-interiors-tjanster\/inredningsplanering\/#primaryimage","url":"https:\/\/www.lfinterior.fi\/wp-content\/uploads\/2022\/08\/banner_hemsida5-4-e1659876470632.png","contentUrl":"https:\/\/www.lfinterior.fi\/wp-content\/uploads\/2022\/08\/banner_hemsida5-4-e1659876470632.png"},{"@type":"BreadcrumbList","@id":"https:\/\/www.lfinterior.fi\/sv\/lf-interiors-tjanster\/inredningsplanering\/#breadcrumb","itemListElement":[{"@type":"ListItem","position":1,"name":"Home","item":"https:\/\/www.lfinterior.fi\/sv\/"},{"@type":"ListItem","position":2,"name":"Hur kan vi hj\u00e4lpa dig?","item":"https:\/\/www.lfinterior.fi\/sv\/lf-interiors-tjanster\/"},{"@type":"ListItem","position":3,"name":"Inredningsplanering"}]},{"@type":"WebSite","@id":"https:\/\/www.lfinterior.fi\/sv\/#website","url":"https:\/\/www.lfinterior.fi\/sv\/","name":"LF Interior","description":"Sisustusalan yritys","potentialAction":[{"@type":"SearchAction","target":{"@type":"EntryPoint","urlTemplate":"https:\/\/www.lfinterior.fi\/sv\/?s={search_term_string}"},"query-input":{"@type":"PropertyValueSpecification","valueRequired":true,"valueName":"search_term_string"}}],"inLanguage":"sv-SE"}]}},"jetpack_sharing_enabled":true,"_links":{"self":[{"href":"https:\/\/www.lfinterior.fi\/sv\/wp-json\/wp\/v2\/pages\/11206","targetHints":{"allow":["GET"]}}],"collection":[{"href":"https:\/\/www.lfinterior.fi\/sv\/wp-json\/wp\/v2\/pages"}],"about":[{"href":"https:\/\/www.lfinterior.fi\/sv\/wp-json\/wp\/v2\/types\/page"}],"author":[{"embeddable":true,"href":"https:\/\/www.lfinterior.fi\/sv\/wp-json\/wp\/v2\/users\/2"}],"replies":[{"embeddable":true,"href":"https:\/\/www.lfinterior.fi\/sv\/wp-json\/wp\/v2\/comments?post=11206"}],"version-history":[{"count":41,"href":"https:\/\/www.lfinterior.fi\/sv\/wp-json\/wp\/v2\/pages\/11206\/revisions"}],"predecessor-version":[{"id":12590,"href":"https:\/\/www.lfinterior.fi\/sv\/wp-json\/wp\/v2\/pages\/11206\/revisions\/12590"}],"up":[{"embeddable":true,"href":"https:\/\/www.lfinterior.fi\/sv\/wp-json\/wp\/v2\/pages\/8004"}],"wp:attachment":[{"href":"https:\/\/www.lfinterior.fi\/sv\/wp-json\/wp\/v2\/media?parent=11206"}],"curies":[{"name":"wp","href":"https:\/\/api.w.org\/{rel}","templated":true}]}}