{"id":12943,"date":"2022-12-08T12:22:40","date_gmt":"2022-12-08T09:22:40","guid":{"rendered":"https:\/\/www.lfinterior.fi\/?page_id=12943"},"modified":"2022-12-12T13:03:05","modified_gmt":"2022-12-12T10:03:05","slug":"aterforsaljare-somnad-pagunette-textilier","status":"publish","type":"page","link":"https:\/\/www.lfinterior.fi\/sv\/aterforsaljare-somnad-pagunette-textilier\/","title":{"rendered":"Pagunette \u00e5terf\u00f6rs\u00e4ljning &#038; s\u00f6mnadstj\u00e4nster"},"content":{"rendered":"<p>[vc_row][vc_column width=&#8221;1\/3&#8243;][vc_single_image image=&#8221;12964&#8243; img_size=&#8221;full&#8221; alignment=&#8221;center&#8221;]<div class=\"edgtf-separator-holder clearfix  edgtf-separator-center\">\n\t<div class=\"edgtf-separator\" style=\"border-bottom-width: 50px\"><\/div>\n<\/div>\n[\/vc_column][vc_column width=&#8221;1\/3&#8243;][vc_single_image image=&#8221;12958&#8243; img_size=&#8221;full&#8221; alignment=&#8221;center&#8221;]<div class=\"edgtf-separator-holder clearfix  edgtf-separator-center\">\n\t<div class=\"edgtf-separator\" style=\"border-bottom-width: 50px\"><\/div>\n<\/div>\n[\/vc_column][vc_column width=&#8221;1\/3&#8243;][vc_single_image image=&#8221;12961&#8243; img_size=&#8221;full&#8221; alignment=&#8221;center&#8221;]<div class=\"edgtf-separator-holder clearfix  edgtf-separator-center\">\n\t<div class=\"edgtf-separator\" style=\"border-bottom-width: 50px\"><\/div>\n<\/div>\n[\/vc_column][\/vc_row][vc_row][vc_column width=&#8221;1\/2&#8243;][vc_column_text]<\/p>\n<h4><span style=\"font-weight: 400;\"><strong>Kvalitetstextiler f\u00f6r hem och offentlig milj\u00f6<\/strong><\/span><\/h4>\n<p>[\/vc_column_text][vc_column_text]Efter m\u00e5nga \u00e5r av\u00a0 enkel och minimalistisk inredningsstil s\u00e5 \u00e4r vi nu redo f\u00f6r att inreda med mycket textil i form av vackra gardiner, mattor och kuddar.<\/p>\n<p><span style=\"font-weight: 400;\">Det danska f\u00f6retaget PAGUNETTE startades i <\/span><span style=\"font-weight: 400;\">Slagelse 1960 och \u00e4r i dag en av Skandinaviens ledande leverant\u00f6rer av underbara kvalitetstextilier till hem och offentlig milj\u00f6.<\/span><\/p>\n<p><span style=\"font-weight: 400;\">LF Interior fungerar fr.o.m. december 2022 som Pagunettes \u00e5terf\u00f6rs\u00e4ljare i\u00a0 Finland! F\u00f6r det h\u00e4r \u00e4r vi mycket inspirerade!<\/span><\/p>\n<p><span style=\"font-weight: 400;\">Kolla in textilurvalet p\u00e5 <\/span><a href=\"http:\/\/www.pagunette.fi\"><span style=\"font-weight: 400;\">www.pagunette.fi<\/span><\/a><\/p>\n<p>[\/vc_column_text]<div class=\"edgtf-separator-holder clearfix  edgtf-separator-center\">\n\t<div class=\"edgtf-separator\" style=\"border-bottom-width: 30px\"><\/div>\n<\/div>\n[vc_single_image image=&#8221;12948&#8243; img_size=&#8221;medium&#8221;][\/vc_column][vc_column width=&#8221;1\/2&#8243;][vc_column_text]<\/p>\n<h4><strong>Professionell s\u00f6mnad och planering<\/strong><\/h4>\n<p>[\/vc_column_text][vc_column_text]<span style=\"font-weight: 400;\">LF Interior anv\u00e4nder sig \u00e4ven av\u00a0 <\/span><a href=\"http:\/\/www.pagunette.fi\"><span style=\"font-weight: 400;\">www.pagunette.fi<\/span><\/a><span style=\"font-weight: 400;\">\u00a0 utm\u00e4rkta s\u00f6mnadstj\u00e4nster f\u00f6r m\u00e5ttsydda gardiner i olika stil och modell! \u00c4ven kuddfodral i olika storlekar samt s\u00e4ng\u00f6verkast i valbara tyger ordnas snabbt och smidgit!<\/span><span style=\"font-weight: 400;\"><br \/>\n<\/span><span style=\"font-weight: 400;\"><br \/>\n<\/span><span style=\"font-weight: 400;\">Pagunette har \u00e4ven utm\u00e4rkt service f\u00f6r textilier f\u00f6r offentliga utrymmen.<\/span><\/p>\n<p><span style=\"font-weight: 400;\">F\u00f6r dig som kund \u00e4r det bara att g\u00e5 in p\u00e5 <a href=\"http:\/\/www.pagunette.fi\">www.pagunette.fi<\/a> och v\u00e4lja ett tyg du gillar, sedan m\u00e4ter du f\u00f6nster eller annat du \u00f6nskar och meddelar LF Interior &#8211; vi sk\u00f6ter resten f\u00f6r dig!\u00a0<\/span><span style=\"font-weight: 400;\"><br \/>\n<\/span><span style=\"font-weight: 400;\"><br \/>\n<\/span><span style=\"font-weight: 400;\">Visst \u00e4r det r\u00e4tt underbart att man nu kan v\u00e4lja m\u00e5ttsydda gardiner, s\u00e4ng\u00f6verkast och dynor fr\u00e5n samma tj\u00e4nst, i samma tyg om man s\u00e5 vill, och i matchande toner och material.<\/span><\/p>\n<p><span style=\"font-weight: 400;\">Bekanta dig med utbudet &#8211; hurdana textilier intresserar dig?<\/span><\/p>\n<p><span style=\"font-weight: 400;\">Obereonde om du vill ha hj\u00e4lp med planering av hemmets textiler, eller om du \u00f6nskar k\u00f6pa textilier och anv\u00e4nda dig av pagunettes s\u00f6mnadstj\u00e4nster, hj\u00e4lper vi dig s\u00e5 g\u00e4rna!\u00a0<\/span><\/p>\n<p><span style=\"font-weight: 400;\">Smidig och snabb leverans!<br \/>\nKom ih\u00e5g att det aldrig \u00e4r fel att fr\u00e5ga efter en offert! Det binder inte dig till ett k\u00f6p.\u00a0<\/span>[\/vc_column_text]<div class=\"edgtf-separator-holder clearfix  edgtf-separator-center\">\n\t<div class=\"edgtf-separator\" style=\"border-bottom-width: 30px\"><\/div>\n<\/div>\n<a itemprop=\"url\" href=\"https:\/\/www.lfinterior.fi\/sv\/kontakta_oss\/\" target=\"_self\"  class=\"edgtf-btn edgtf-btn-medium edgtf-btn-solid\"  >\n    <span class=\"edgtf-btn-text\">Ta kontakt<\/span>\n    <\/a>[\/vc_column][vc_column][\/vc_column][vc_column][\/vc_column][\/vc_row][vc_row][vc_column]<div class=\"edgtf-separator-holder clearfix  edgtf-separator-center\">\n\t<div class=\"edgtf-separator\" style=\"border-bottom-width: 50px\"><\/div>\n<\/div>\n[vc_gallery type=&#8221;image_grid&#8221; images=&#8221;12964,12958,12948,12971,12974,12977&#8243; onclick=&#8221;img_link_large&#8221;][\/vc_column][\/vc_row][vc_row][vc_column]<div class=\"edgtf-separator-holder clearfix  edgtf-separator-center\">\n\t<div class=\"edgtf-separator\" style=\"border-bottom-width: 50px\"><\/div>\n<\/div>\n[vc_column_text]<\/p>\n<h4>Gardinmodeller<\/h4>\n<p>[\/vc_column_text][vc_column_text]LF Interior erbjuder genom Pagunettes s\u00f6mnadstj\u00e4nster alla t\u00e4nkbara gardinmodeller i vilket material, och m\u00f6nster du \u00e4n hittar och gillar fr\u00e5n Pagunettes stora urval! Bredd och h\u00f6jd g\u00f6rs enligt ditt specifika behov!<\/p>\n<p>Pagunette har \u00e4ven mycket kvalitativa tyger och gardintj\u00e4nster f\u00f6r st\u00f6rre helheter och offentliga rum.<\/p>\n<p>Vad beh\u00f6ver du f\u00f6r dina f\u00f6nster?<\/p>\n<ul>\n<li class=\"p1\">Hissgardiner<\/li>\n<li class=\"p1\">Lounge\/Wavegardiner<\/li>\n<li class=\"p1\">Gardiner med \u00f6ljetter<\/li>\n<li class=\"p1\">Kappor<\/li>\n<li class=\"p1\">Ljusd\u00e4mpande gardiner<\/li>\n<li class=\"p1\">Flamskyddade gardiner<\/li>\n<li class=\"p1\">Ljudd\u00e4mnade gardiner<\/li>\n<li class=\"p1\">Vattenavvisande gardiner<\/li>\n<li class=\"p1\">Sammetsgardiner<\/li>\n<li class=\"p1\">Linnegardiner<\/li>\n<\/ul>\n<p>[\/vc_column_text][\/vc_column][\/vc_row][vc_row][vc_column]<div class=\"edgtf-separator-holder clearfix  edgtf-separator-center\">\n\t<div class=\"edgtf-separator\" style=\"border-bottom-width: 50px\"><\/div>\n<\/div>\n<a itemprop=\"url\" href=\"https:\/\/www.lfinterior.fi\/sv\/kontakta_oss\/\" target=\"_self\"  class=\"edgtf-btn edgtf-btn-medium edgtf-btn-solid\"  >\n    <span class=\"edgtf-btn-text\">Ta kontakt<\/span>\n    <\/a>[\/vc_column][\/vc_row][vc_row][vc_column]<div class=\"edgtf-separator-holder clearfix  edgtf-separator-center\">\n\t<div class=\"edgtf-separator\" style=\"border-bottom-width: 50px\"><\/div>\n<\/div>\n[vc_single_image image=&#8221;12987&#8243; img_size=&#8221;full&#8221; alignment=&#8221;center&#8221;][\/vc_column][\/vc_row]<\/p>\n","protected":false},"excerpt":{"rendered":"<p>[vc_row][vc_column width=&#8221;1\/3&#8243;][vc_single_image image=&#8221;12964&#8243; img_size=&#8221;full&#8221; alignment=&#8221;center&#8221;][\/vc_column][vc_column width=&#8221;1\/3&#8243;][vc_single_image image=&#8221;12958&#8243; img_size=&#8221;full&#8221; alignment=&#8221;center&#8221;][\/vc_column][vc_column width=&#8221;1\/3&#8243;][vc_single_image image=&#8221;12961&#8243; img_size=&#8221;full&#8221; alignment=&#8221;center&#8221;][\/vc_column][\/vc_row][vc_row][vc_column width=&#8221;1\/2&#8243;][vc_column_text] Kvalitetstextiler f\u00f6r hem och offentlig milj\u00f6 [\/vc_column_text][vc_column_text]Efter m\u00e5nga \u00e5r av\u00a0 enkel och minimalistisk inredningsstil s\u00e5 \u00e4r vi nu redo f\u00f6r att inreda med mycket textil i [&hellip;]<\/p>\n","protected":false},"author":2,"featured_media":0,"parent":0,"menu_order":0,"comment_status":"closed","ping_status":"closed","template":"","meta":{"footnotes":""},"class_list":["post-12943","page","type-page","status-publish","hentry"],"yoast_head":"<!-- This site is optimized with the Yoast SEO plugin v27.2 - https:\/\/yoast.com\/product\/yoast-seo-wordpress\/ -->\n<title>Pagunette \u00e5terf\u00f6rs\u00e4ljning &amp; s\u00f6mnadstj\u00e4nster - LF Interior<\/title>\n<meta name=\"robots\" content=\"index, follow, max-snippet:-1, max-image-preview:large, max-video-preview:-1\" \/>\n<link rel=\"canonical\" href=\"https:\/\/www.lfinterior.fi\/sv\/aterforsaljare-somnad-pagunette-textilier\/\" \/>\n<meta property=\"og:locale\" content=\"sv_SE\" \/>\n<meta property=\"og:type\" content=\"article\" \/>\n<meta property=\"og:title\" content=\"Pagunette \u00e5terf\u00f6rs\u00e4ljning &amp; s\u00f6mnadstj\u00e4nster - LF Interior\" \/>\n<meta property=\"og:description\" content=\"[vc_row][vc_column width=&#8221;1\/3&#8243;][vc_single_image image=&#8221;12964&#8243; img_size=&#8221;full&#8221; alignment=&#8221;center&#8221;][\/vc_column][vc_column width=&#8221;1\/3&#8243;][vc_single_image image=&#8221;12958&#8243; img_size=&#8221;full&#8221; alignment=&#8221;center&#8221;][\/vc_column][vc_column width=&#8221;1\/3&#8243;][vc_single_image image=&#8221;12961&#8243; img_size=&#8221;full&#8221; alignment=&#8221;center&#8221;][\/vc_column][\/vc_row][vc_row][vc_column width=&#8221;1\/2&#8243;][vc_column_text] Kvalitetstextiler f\u00f6r hem och offentlig milj\u00f6 [\/vc_column_text][vc_column_text]Efter m\u00e5nga \u00e5r av\u00a0 enkel och minimalistisk inredningsstil s\u00e5 \u00e4r vi nu redo f\u00f6r att inreda med mycket textil i [&hellip;]\" \/>\n<meta property=\"og:url\" content=\"https:\/\/www.lfinterior.fi\/sv\/aterforsaljare-somnad-pagunette-textilier\/\" \/>\n<meta property=\"og:site_name\" content=\"LF Interior\" \/>\n<meta property=\"article:modified_time\" content=\"2022-12-12T10:03:05+00:00\" \/>\n<meta name=\"twitter:card\" content=\"summary_large_image\" \/>\n<meta name=\"twitter:label1\" content=\"Ber\u00e4knad l\u00e4stid\" \/>\n\t<meta name=\"twitter:data1\" content=\"2 minuter\" \/>\n<script type=\"application\/ld+json\" class=\"yoast-schema-graph\">{\"@context\":\"https:\/\/schema.org\",\"@graph\":[{\"@type\":\"WebPage\",\"@id\":\"https:\/\/www.lfinterior.fi\/sv\/aterforsaljare-somnad-pagunette-textilier\/\",\"url\":\"https:\/\/www.lfinterior.fi\/sv\/aterforsaljare-somnad-pagunette-textilier\/\",\"name\":\"Pagunette \u00e5terf\u00f6rs\u00e4ljning & s\u00f6mnadstj\u00e4nster - LF Interior\",\"isPartOf\":{\"@id\":\"https:\/\/www.lfinterior.fi\/sv\/#website\"},\"datePublished\":\"2022-12-08T09:22:40+00:00\",\"dateModified\":\"2022-12-12T10:03:05+00:00\",\"breadcrumb\":{\"@id\":\"https:\/\/www.lfinterior.fi\/sv\/aterforsaljare-somnad-pagunette-textilier\/#breadcrumb\"},\"inLanguage\":\"sv-SE\",\"potentialAction\":[{\"@type\":\"ReadAction\",\"target\":[\"https:\/\/www.lfinterior.fi\/sv\/aterforsaljare-somnad-pagunette-textilier\/\"]}]},{\"@type\":\"BreadcrumbList\",\"@id\":\"https:\/\/www.lfinterior.fi\/sv\/aterforsaljare-somnad-pagunette-textilier\/#breadcrumb\",\"itemListElement\":[{\"@type\":\"ListItem\",\"position\":1,\"name\":\"Home\",\"item\":\"https:\/\/www.lfinterior.fi\/sv\/\"},{\"@type\":\"ListItem\",\"position\":2,\"name\":\"Pagunette \u00e5terf\u00f6rs\u00e4ljning &#038; s\u00f6mnadstj\u00e4nster\"}]},{\"@type\":\"WebSite\",\"@id\":\"https:\/\/www.lfinterior.fi\/sv\/#website\",\"url\":\"https:\/\/www.lfinterior.fi\/sv\/\",\"name\":\"LF Interior\",\"description\":\"Sisustusalan yritys\",\"potentialAction\":[{\"@type\":\"SearchAction\",\"target\":{\"@type\":\"EntryPoint\",\"urlTemplate\":\"https:\/\/www.lfinterior.fi\/sv\/?s={search_term_string}\"},\"query-input\":{\"@type\":\"PropertyValueSpecification\",\"valueRequired\":true,\"valueName\":\"search_term_string\"}}],\"inLanguage\":\"sv-SE\"}]}<\/script>\n<!-- \/ Yoast SEO plugin. -->","yoast_head_json":{"title":"Pagunette \u00e5terf\u00f6rs\u00e4ljning & s\u00f6mnadstj\u00e4nster - LF Interior","robots":{"index":"index","follow":"follow","max-snippet":"max-snippet:-1","max-image-preview":"max-image-preview:large","max-video-preview":"max-video-preview:-1"},"canonical":"https:\/\/www.lfinterior.fi\/sv\/aterforsaljare-somnad-pagunette-textilier\/","og_locale":"sv_SE","og_type":"article","og_title":"Pagunette \u00e5terf\u00f6rs\u00e4ljning & s\u00f6mnadstj\u00e4nster - LF Interior","og_description":"[vc_row][vc_column width=&#8221;1\/3&#8243;][vc_single_image image=&#8221;12964&#8243; img_size=&#8221;full&#8221; alignment=&#8221;center&#8221;][\/vc_column][vc_column width=&#8221;1\/3&#8243;][vc_single_image image=&#8221;12958&#8243; img_size=&#8221;full&#8221; alignment=&#8221;center&#8221;][\/vc_column][vc_column width=&#8221;1\/3&#8243;][vc_single_image image=&#8221;12961&#8243; img_size=&#8221;full&#8221; alignment=&#8221;center&#8221;][\/vc_column][\/vc_row][vc_row][vc_column width=&#8221;1\/2&#8243;][vc_column_text] Kvalitetstextiler f\u00f6r hem och offentlig milj\u00f6 [\/vc_column_text][vc_column_text]Efter m\u00e5nga \u00e5r av\u00a0 enkel och minimalistisk inredningsstil s\u00e5 \u00e4r vi nu redo f\u00f6r att inreda med mycket textil i [&hellip;]","og_url":"https:\/\/www.lfinterior.fi\/sv\/aterforsaljare-somnad-pagunette-textilier\/","og_site_name":"LF Interior","article_modified_time":"2022-12-12T10:03:05+00:00","twitter_card":"summary_large_image","twitter_misc":{"Ber\u00e4knad l\u00e4stid":"2 minuter"},"schema":{"@context":"https:\/\/schema.org","@graph":[{"@type":"WebPage","@id":"https:\/\/www.lfinterior.fi\/sv\/aterforsaljare-somnad-pagunette-textilier\/","url":"https:\/\/www.lfinterior.fi\/sv\/aterforsaljare-somnad-pagunette-textilier\/","name":"Pagunette \u00e5terf\u00f6rs\u00e4ljning & s\u00f6mnadstj\u00e4nster - LF Interior","isPartOf":{"@id":"https:\/\/www.lfinterior.fi\/sv\/#website"},"datePublished":"2022-12-08T09:22:40+00:00","dateModified":"2022-12-12T10:03:05+00:00","breadcrumb":{"@id":"https:\/\/www.lfinterior.fi\/sv\/aterforsaljare-somnad-pagunette-textilier\/#breadcrumb"},"inLanguage":"sv-SE","potentialAction":[{"@type":"ReadAction","target":["https:\/\/www.lfinterior.fi\/sv\/aterforsaljare-somnad-pagunette-textilier\/"]}]},{"@type":"BreadcrumbList","@id":"https:\/\/www.lfinterior.fi\/sv\/aterforsaljare-somnad-pagunette-textilier\/#breadcrumb","itemListElement":[{"@type":"ListItem","position":1,"name":"Home","item":"https:\/\/www.lfinterior.fi\/sv\/"},{"@type":"ListItem","position":2,"name":"Pagunette \u00e5terf\u00f6rs\u00e4ljning &#038; s\u00f6mnadstj\u00e4nster"}]},{"@type":"WebSite","@id":"https:\/\/www.lfinterior.fi\/sv\/#website","url":"https:\/\/www.lfinterior.fi\/sv\/","name":"LF Interior","description":"Sisustusalan yritys","potentialAction":[{"@type":"SearchAction","target":{"@type":"EntryPoint","urlTemplate":"https:\/\/www.lfinterior.fi\/sv\/?s={search_term_string}"},"query-input":{"@type":"PropertyValueSpecification","valueRequired":true,"valueName":"search_term_string"}}],"inLanguage":"sv-SE"}]}},"jetpack_sharing_enabled":true,"_links":{"self":[{"href":"https:\/\/www.lfinterior.fi\/sv\/wp-json\/wp\/v2\/pages\/12943","targetHints":{"allow":["GET"]}}],"collection":[{"href":"https:\/\/www.lfinterior.fi\/sv\/wp-json\/wp\/v2\/pages"}],"about":[{"href":"https:\/\/www.lfinterior.fi\/sv\/wp-json\/wp\/v2\/types\/page"}],"author":[{"embeddable":true,"href":"https:\/\/www.lfinterior.fi\/sv\/wp-json\/wp\/v2\/users\/2"}],"replies":[{"embeddable":true,"href":"https:\/\/www.lfinterior.fi\/sv\/wp-json\/wp\/v2\/comments?post=12943"}],"version-history":[{"count":23,"href":"https:\/\/www.lfinterior.fi\/sv\/wp-json\/wp\/v2\/pages\/12943\/revisions"}],"predecessor-version":[{"id":13011,"href":"https:\/\/www.lfinterior.fi\/sv\/wp-json\/wp\/v2\/pages\/12943\/revisions\/13011"}],"wp:attachment":[{"href":"https:\/\/www.lfinterior.fi\/sv\/wp-json\/wp\/v2\/media?parent=12943"}],"curies":[{"name":"wp","href":"https:\/\/api.w.org\/{rel}","templated":true}]}}